{"id":2,"date":"2025-01-16T21:39:15","date_gmt":"2025-01-16T20:39:15","guid":{"rendered":"http:\/\/av25.av-zeesen-seeblick.de\/?page_id=2"},"modified":"2026-03-17T14:32:19","modified_gmt":"2026-03-17T13:32:19","slug":"verein","status":"publish","type":"page","link":"https:\/\/av-zeesen-seeblick.de\/index.php\/verein\/","title":{"rendered":"\u00dcber den Verein"},"content":{"rendered":"\n<div class=\"wp-block-group is-nowrap is-layout-flex wp-container-core-group-is-layout-6c531013 wp-block-group-is-layout-flex\">\n<p>Der Anglerverein Zeesen \u201eSeeblick\u201c e.V. wurde 1964 gegr\u00fcndet und z\u00e4hlt zur Zeit 124 Mitglieder. Die sehr famili\u00e4re Vereinskultur beschr\u00e4nkt sich dabei nicht nur auf vereins\u00fcbergreifende Veranstaltungen wie Wettkampfangeln oder Skatturniere. Zum Ende der Fastenzeit findet unser allj\u00e4hrliches, \u00f6ffentliches Osterfeuer statt, an dem wir traditionell sehr viele neue, nicht vereinsgebundene G\u00e4ste und Freunde empfangen.<\/p>\n<\/div>\n\n\n\n<figure class=\"wp-block-image size-full\"><img loading=\"lazy\" decoding=\"async\" width=\"448\" height=\"289\" src=\"https:\/\/av-zeesen-seeblick.de\/wp-content\/uploads\/2025\/01\/opaaufkahn.jpg\" alt=\"\" class=\"wp-image-49\" style=\"object-fit:cover\" srcset=\"https:\/\/av-zeesen-seeblick.de\/wp-content\/uploads\/2025\/01\/opaaufkahn.jpg 448w, https:\/\/av-zeesen-seeblick.de\/wp-content\/uploads\/2025\/01\/opaaufkahn-300x194.jpg 300w\" sizes=\"auto, (max-width: 448px) 100vw, 448px\" \/><\/figure>\n\n\n\n<p>Mit unseren Bootsliegepl\u00e4tzen, Ger\u00e4teh\u00e4usern und Services rund um die Angelkartenbestellung versuchen wir jedoch st\u00e4ndig auch neue, junge Generationen f\u00fcr unseren Sport zu gewinnen und einen Beitritt attraktiv zu machen.<\/p>\n\n\n\n<figure class=\"wp-block-image size-full is-resized\"><img loading=\"lazy\" decoding=\"async\" width=\"300\" height=\"224\" src=\"https:\/\/av-zeesen-seeblick.de\/wp-content\/uploads\/2025\/01\/gelande-300x224-1.jpg\" alt=\"\" class=\"wp-image-74\" style=\"width:150px\"\/><\/figure>\n\n\n\n<div class=\"wp-block-group is-nowrap is-layout-flex wp-container-core-group-is-layout-6c531013 wp-block-group-is-layout-flex\">\n<p>Falls unser Webauftritt also Ihr Interesse geweckt hat, informieren wir Sie gern pers\u00f6nlich und v\u00f6llig unverbindlich \u00fcber Beitrittsformalit\u00e4ten, Vereinsrechte und -Pflichten. Nutzen Sie dazu das <a href=\"https:\/\/av-zeesen-seeblick.de\/index.php\/kontakt\/\" data-type=\"page\" data-id=\"55\">Kontaktformular<\/a>.<\/p>\n<\/div>\n\n\n\n<figure class=\"wp-block-image size-full\"><img loading=\"lazy\" decoding=\"async\" width=\"640\" height=\"480\" src=\"https:\/\/av-zeesen-seeblick.de\/wp-content\/uploads\/2025\/01\/zeesener_see.jpg\" alt=\"\" class=\"wp-image-78\" srcset=\"https:\/\/av-zeesen-seeblick.de\/wp-content\/uploads\/2025\/01\/zeesener_see.jpg 640w, https:\/\/av-zeesen-seeblick.de\/wp-content\/uploads\/2025\/01\/zeesener_see-300x225.jpg 300w\" sizes=\"auto, (max-width: 640px) 100vw, 640px\" \/><\/figure>\n","protected":false},"excerpt":{"rendered":"<p>Der Anglerverein Zeesen \u201eSeeblick\u201c e.V. wurde 1964 gegr\u00fcndet und z\u00e4hlt zur Zeit 124 Mitglieder. Die sehr famili\u00e4re Vereinskultur beschr\u00e4nkt sich dabei nicht nur auf vereins\u00fcbergreifende Veranstaltungen wie Wettkampfangeln oder Skatturniere. [&hellip;]<\/p>\n","protected":false},"author":1,"featured_media":0,"parent":0,"menu_order":0,"comment_status":"closed","ping_status":"open","template":"","meta":{"_EventAllDay":false,"_EventTimezone":"","_EventStartDate":"","_EventEndDate":"","_EventStartDateUTC":"","_EventEndDateUTC":"","_EventShowMap":false,"_EventShowMapLink":false,"_EventURL":"","_EventCost":"","_EventCostDescription":"","_EventCurrencySymbol":"","_EventCurrencyCode":"","_EventCurrencyPosition":"","_EventDateTimeSeparator":"","_EventTimeRangeSeparator":"","_EventOrganizerID":[],"_EventVenueID":[],"_OrganizerEmail":"","_OrganizerPhone":"","_OrganizerWebsite":"","_VenueAddress":"","_VenueCity":"","_VenueCountry":"","_VenueProvince":"","_VenueState":"","_VenueZip":"","_VenuePhone":"","_VenueURL":"","_VenueStateProvince":"","_VenueLat":"","_VenueLng":"","_VenueShowMap":false,"_VenueShowMapLink":false,"footnotes":""},"class_list":["post-2","page","type-page","status-publish","hentry"],"_links":{"self":[{"href":"https:\/\/av-zeesen-seeblick.de\/index.php\/wp-json\/wp\/v2\/pages\/2","targetHints":{"allow":["GET"]}}],"collection":[{"href":"https:\/\/av-zeesen-seeblick.de\/index.php\/wp-json\/wp\/v2\/pages"}],"about":[{"href":"https:\/\/av-zeesen-seeblick.de\/index.php\/wp-json\/wp\/v2\/types\/page"}],"author":[{"embeddable":true,"href":"https:\/\/av-zeesen-seeblick.de\/index.php\/wp-json\/wp\/v2\/users\/1"}],"replies":[{"embeddable":true,"href":"https:\/\/av-zeesen-seeblick.de\/index.php\/wp-json\/wp\/v2\/comments?post=2"}],"version-history":[{"count":15,"href":"https:\/\/av-zeesen-seeblick.de\/index.php\/wp-json\/wp\/v2\/pages\/2\/revisions"}],"predecessor-version":[{"id":286,"href":"https:\/\/av-zeesen-seeblick.de\/index.php\/wp-json\/wp\/v2\/pages\/2\/revisions\/286"}],"wp:attachment":[{"href":"https:\/\/av-zeesen-seeblick.de\/index.php\/wp-json\/wp\/v2\/media?parent=2"}],"curies":[{"name":"wp","href":"https:\/\/api.w.org\/{rel}","templated":true}]}}