{"id":80,"date":"2025-01-24T20:25:10","date_gmt":"2025-01-24T19:25:10","guid":{"rendered":"https:\/\/av-zeesen-seeblick.de\/?page_id=80"},"modified":"2025-01-24T20:25:10","modified_gmt":"2025-01-24T19:25:10","slug":"der-ort-zeesen","status":"publish","type":"page","link":"https:\/\/av-zeesen-seeblick.de\/index.php\/der-ort-zeesen\/","title":{"rendered":"Der Ort Zeesen"},"content":{"rendered":"\n<p>Unser Anglerverein befindet sich am Zeesener See, dessen Ufer zum gr\u00f6\u00dften Teil im gleichnamigen Dorf Zeesen verl\u00e4uft. Bis 2003 war Zeesen eine eigenst\u00e4ndige Gemeinde, die jedoch im Jahre 2003 der Stadt K\u00f6nigs Wusterhausen eingemeindet wurde. Zeesen wurde bereits im Jahre 1542 urkundlich unter dem Namen Czeisen erw\u00e4hnt. Dieser Name kommt urspr\u00fcnglich aus dem slawischen und bedeutet \u201eOrt, wo Fische mit Netzen gefangen werden.\u201c An dieser Stelle sollte auf die gefl\u00fcgelten Worte \u201eNomen est omen\u201c verwiesen werden, denn wo lie\u00dfe es sich besser angeln, als an einem Ort der das Objekt der Begierde, also die Fische, schon im Namen tr\u00e4gt. Vom Wasser aus erkennt man auch das Schloss Zeesen. Es wurde 1690 von Eberhard von Danckelmann erbaut. Dieser urspr\u00fcnglich aus Utrecht stammende Mann war der Hauslehrer des ersten preu\u00dfischen K\u00f6nigs, Friedrich I. Heute kann man nur noch das barocke Herrenhaus mit Mansardendach erahnen, doch das durch die Jahre verfallene, fast verwunschen anmutende Anwesen ist einen Ausflug mit dem Ruderboot wert. In Zeesen selbst finden sich noch viele weitere kleinere und gr\u00f6\u00dfere Seen. So zum Beispiel der Krebssee, der Krumme See und der Todnitzsee. Der Zeesener See ist dabei mit einer Gesamtfl\u00e4che von ca. 2,50 km\u00b2 der Gr\u00f6\u00dfte. Auf dem See ist kein Motorbootverkehr gestattet, was zum einen der Wasserqualit\u00e4t des Natursees und der Flora und Fauna dieses Gew\u00e4ssers sehr dienlich ist. Die nur sehr kleinen Zu- und Abfl\u00fcsse machen aus diesem See eine Oase der Ruhe.<\/p>\n\n\n\n<figure class=\"wp-block-image size-full\"><img loading=\"lazy\" decoding=\"async\" width=\"295\" height=\"448\" src=\"https:\/\/av-zeesen-seeblick.de\/wp-content\/uploads\/2025\/01\/opamitaal.jpg\" alt=\"\" class=\"wp-image-50\" srcset=\"https:\/\/av-zeesen-seeblick.de\/wp-content\/uploads\/2025\/01\/opamitaal.jpg 295w, https:\/\/av-zeesen-seeblick.de\/wp-content\/uploads\/2025\/01\/opamitaal-198x300.jpg 198w\" sizes=\"auto, (max-width: 295px) 100vw, 295px\" \/><\/figure>\n","protected":false},"excerpt":{"rendered":"<p>Unser Anglerverein befindet sich am Zeesener See, dessen Ufer zum gr\u00f6\u00dften Teil im gleichnamigen Dorf Zeesen verl\u00e4uft. Bis 2003 war Zeesen eine eigenst\u00e4ndige Gemeinde, die jedoch im Jahre 2003 der [&hellip;]<\/p>\n","protected":false},"author":1,"featured_media":0,"parent":0,"menu_order":0,"comment_status":"closed","ping_status":"closed","template":"","meta":{"_EventAllDay":false,"_EventTimezone":"","_EventStartDate":"","_EventEndDate":"","_EventStartDateUTC":"","_EventEndDateUTC":"","_EventShowMap":false,"_EventShowMapLink":false,"_EventURL":"","_EventCost":"","_EventCostDescription":"","_EventCurrencySymbol":"","_EventCurrencyCode":"","_EventCurrencyPosition":"","_EventDateTimeSeparator":"","_EventTimeRangeSeparator":"","_EventOrganizerID":[],"_EventVenueID":[],"_OrganizerEmail":"","_OrganizerPhone":"","_OrganizerWebsite":"","_VenueAddress":"","_VenueCity":"","_VenueCountry":"","_VenueProvince":"","_VenueState":"","_VenueZip":"","_VenuePhone":"","_VenueURL":"","_VenueStateProvince":"","_VenueLat":"","_VenueLng":"","_VenueShowMap":false,"_VenueShowMapLink":false,"footnotes":""},"class_list":["post-80","page","type-page","status-publish","hentry"],"_links":{"self":[{"href":"https:\/\/av-zeesen-seeblick.de\/index.php\/wp-json\/wp\/v2\/pages\/80","targetHints":{"allow":["GET"]}}],"collection":[{"href":"https:\/\/av-zeesen-seeblick.de\/index.php\/wp-json\/wp\/v2\/pages"}],"about":[{"href":"https:\/\/av-zeesen-seeblick.de\/index.php\/wp-json\/wp\/v2\/types\/page"}],"author":[{"embeddable":true,"href":"https:\/\/av-zeesen-seeblick.de\/index.php\/wp-json\/wp\/v2\/users\/1"}],"replies":[{"embeddable":true,"href":"https:\/\/av-zeesen-seeblick.de\/index.php\/wp-json\/wp\/v2\/comments?post=80"}],"version-history":[{"count":1,"href":"https:\/\/av-zeesen-seeblick.de\/index.php\/wp-json\/wp\/v2\/pages\/80\/revisions"}],"predecessor-version":[{"id":81,"href":"https:\/\/av-zeesen-seeblick.de\/index.php\/wp-json\/wp\/v2\/pages\/80\/revisions\/81"}],"wp:attachment":[{"href":"https:\/\/av-zeesen-seeblick.de\/index.php\/wp-json\/wp\/v2\/media?parent=80"}],"curies":[{"name":"wp","href":"https:\/\/api.w.org\/{rel}","templated":true}]}}