{"id":83,"date":"2025-01-24T20:27:19","date_gmt":"2025-01-24T19:27:19","guid":{"rendered":"https:\/\/av-zeesen-seeblick.de\/?page_id=83"},"modified":"2025-01-24T20:29:20","modified_gmt":"2025-01-24T19:29:20","slug":"warum-verein","status":"publish","type":"page","link":"https:\/\/av-zeesen-seeblick.de\/index.php\/warum-verein\/","title":{"rendered":"Warum Verein?"},"content":{"rendered":"\n<p>Der Beitritt zum Anglerverein Zeesen \u201eSeeblick\u201c e.V. bietet dem passionierten Angler einige Vorteile.<br>Wir erm\u00f6glichen unseren Mitgliedern die Nutzung von Kahnliegestellen an unseren Steganlagen und auch f\u00fcr die eisigen Wintermonate bietet das Vereinsgel\u00e4nde Ablagefl\u00e4chen zu Lande. Die Stege k\u00f6nnen nat\u00fcrlich auch zum Angeln oder als Einstieg f\u00fcr eine Schwimmrunde auf dem Zeesener See genutzt werden.<br>F\u00fcr Riemen, Anker und Angeln bietet unser Ger\u00e4tehaus genug Platz. Die Ger\u00e4teschuppen, wie auch das gesamte Gel\u00e4nde sind nat\u00fcrlich abschlie\u00dfbar, und nur f\u00fcr Vereinsmitglieder zug\u00e4nglich.<br>In jeder Angelsaison f\u00fchren wir vereinsinterne, wie auch vereins\u00fcbergreifende Wettk\u00e4mpfe durch. Mit unserem Osterfeuer tragen wir jedoch auch eine komplett \u00f6ffentliche Veranstaltungen aus. Informieren Sie sich am besten selbst auf dem aktuellen Terminplan \u00fcber die Veranstaltungen der laufenden Saison.<br>Falls wir Ihr Interesse geweckt haben informieren wir Sie gerne auch \u00fcber Beitr\u00e4ge und Pflichten die mit einem Beitritt einhergehen. Das Ganze ist nat\u00fcrlich v\u00f6llig unverbindlich, nutzen Sie dass <a href=\"https:\/\/av-zeesen-seeblick.de\/index.php\/kontakt\/\" data-type=\"page\" data-id=\"55\">Kontaktformular.<\/a><\/p>\n","protected":false},"excerpt":{"rendered":"<p>Der Beitritt zum Anglerverein Zeesen \u201eSeeblick\u201c e.V. bietet dem passionierten Angler einige Vorteile.Wir erm\u00f6glichen unseren Mitgliedern die Nutzung von Kahnliegestellen an unseren Steganlagen und auch f\u00fcr die eisigen Wintermonate bietet [&hellip;]<\/p>\n","protected":false},"author":1,"featured_media":0,"parent":0,"menu_order":0,"comment_status":"closed","ping_status":"closed","template":"","meta":{"_EventAllDay":false,"_EventTimezone":"","_EventStartDate":"","_EventEndDate":"","_EventStartDateUTC":"","_EventEndDateUTC":"","_EventShowMap":false,"_EventShowMapLink":false,"_EventURL":"","_EventCost":"","_EventCostDescription":"","_EventCurrencySymbol":"","_EventCurrencyCode":"","_EventCurrencyPosition":"","_EventDateTimeSeparator":"","_EventTimeRangeSeparator":"","_EventOrganizerID":[],"_EventVenueID":[],"_OrganizerEmail":"","_OrganizerPhone":"","_OrganizerWebsite":"","_VenueAddress":"","_VenueCity":"","_VenueCountry":"","_VenueProvince":"","_VenueState":"","_VenueZip":"","_VenuePhone":"","_VenueURL":"","_VenueStateProvince":"","_VenueLat":"","_VenueLng":"","_VenueShowMap":false,"_VenueShowMapLink":false,"footnotes":""},"class_list":["post-83","page","type-page","status-publish","hentry"],"_links":{"self":[{"href":"https:\/\/av-zeesen-seeblick.de\/index.php\/wp-json\/wp\/v2\/pages\/83","targetHints":{"allow":["GET"]}}],"collection":[{"href":"https:\/\/av-zeesen-seeblick.de\/index.php\/wp-json\/wp\/v2\/pages"}],"about":[{"href":"https:\/\/av-zeesen-seeblick.de\/index.php\/wp-json\/wp\/v2\/types\/page"}],"author":[{"embeddable":true,"href":"https:\/\/av-zeesen-seeblick.de\/index.php\/wp-json\/wp\/v2\/users\/1"}],"replies":[{"embeddable":true,"href":"https:\/\/av-zeesen-seeblick.de\/index.php\/wp-json\/wp\/v2\/comments?post=83"}],"version-history":[{"count":2,"href":"https:\/\/av-zeesen-seeblick.de\/index.php\/wp-json\/wp\/v2\/pages\/83\/revisions"}],"predecessor-version":[{"id":86,"href":"https:\/\/av-zeesen-seeblick.de\/index.php\/wp-json\/wp\/v2\/pages\/83\/revisions\/86"}],"wp:attachment":[{"href":"https:\/\/av-zeesen-seeblick.de\/index.php\/wp-json\/wp\/v2\/media?parent=83"}],"curies":[{"name":"wp","href":"https:\/\/api.w.org\/{rel}","templated":true}]}}