{"id":89,"date":"2025-01-24T20:35:58","date_gmt":"2025-01-24T19:35:58","guid":{"rendered":"https:\/\/av-zeesen-seeblick.de\/?page_id=89"},"modified":"2025-02-16T17:13:25","modified_gmt":"2025-02-16T16:13:25","slug":"schonzeiten","status":"publish","type":"page","link":"https:\/\/av-zeesen-seeblick.de\/index.php\/schonzeiten\/","title":{"rendered":"Schonzeiten"},"content":{"rendered":"\n<p>Die Tabelle enth\u00e4lt die Schonzeiten &amp; Mindestma\u00dfe der Fische vom Zeesener See. Ausgegeben vom Fischer des Zeesener See.<br>Die Angaben k\u00f6nnen andernorts abweichen.<\/p>\n\n\n\n<figure class=\"wp-block-table\"><table class=\"has-fixed-layout\"><tbody><tr><td><strong>Fischart<\/strong><\/td><td><strong>Schonzeit<\/strong><\/td><td><strong>Mindestma\u00df (cm)<\/strong><\/td><\/tr><tr><td>Aal <em>(Anguilla anguilla)<\/em><\/td><td>keine<\/td><td>50<\/td><\/tr><tr><td>Hecht (Esox lucius)<\/td><td>Februar bis 01. Mai<\/td><td>50<\/td><\/tr><tr><td>Zander (Stizostedion lucioperca)<\/td><td>Februar bis 01. Juni<\/td><td>50<\/td><\/tr><tr><td>Spiegel- und Schuppenkarpfen<\/td><td>keine<\/td><td>45<\/td><\/tr><\/tbody><\/table><\/figure>\n","protected":false},"excerpt":{"rendered":"<p>Die Tabelle enth\u00e4lt die Schonzeiten &amp; Mindestma\u00dfe der Fische vom Zeesener See. Ausgegeben vom Fischer des Zeesener See.Die Angaben k\u00f6nnen andernorts abweichen. Fischart Schonzeit Mindestma\u00df (cm) Aal (Anguilla anguilla) keine [&hellip;]<\/p>\n","protected":false},"author":1,"featured_media":0,"parent":0,"menu_order":0,"comment_status":"closed","ping_status":"closed","template":"","meta":{"_EventAllDay":false,"_EventTimezone":"","_EventStartDate":"","_EventEndDate":"","_EventStartDateUTC":"","_EventEndDateUTC":"","_EventShowMap":false,"_EventShowMapLink":false,"_EventURL":"","_EventCost":"","_EventCostDescription":"","_EventCurrencySymbol":"","_EventCurrencyCode":"","_EventCurrencyPosition":"","_EventDateTimeSeparator":"","_EventTimeRangeSeparator":"","_EventOrganizerID":[],"_EventVenueID":[],"_OrganizerEmail":"","_OrganizerPhone":"","_OrganizerWebsite":"","_VenueAddress":"","_VenueCity":"","_VenueCountry":"","_VenueProvince":"","_VenueState":"","_VenueZip":"","_VenuePhone":"","_VenueURL":"","_VenueStateProvince":"","_VenueLat":"","_VenueLng":"","_VenueShowMap":false,"_VenueShowMapLink":false,"footnotes":""},"class_list":["post-89","page","type-page","status-publish","hentry"],"_links":{"self":[{"href":"https:\/\/av-zeesen-seeblick.de\/index.php\/wp-json\/wp\/v2\/pages\/89","targetHints":{"allow":["GET"]}}],"collection":[{"href":"https:\/\/av-zeesen-seeblick.de\/index.php\/wp-json\/wp\/v2\/pages"}],"about":[{"href":"https:\/\/av-zeesen-seeblick.de\/index.php\/wp-json\/wp\/v2\/types\/page"}],"author":[{"embeddable":true,"href":"https:\/\/av-zeesen-seeblick.de\/index.php\/wp-json\/wp\/v2\/users\/1"}],"replies":[{"embeddable":true,"href":"https:\/\/av-zeesen-seeblick.de\/index.php\/wp-json\/wp\/v2\/comments?post=89"}],"version-history":[{"count":2,"href":"https:\/\/av-zeesen-seeblick.de\/index.php\/wp-json\/wp\/v2\/pages\/89\/revisions"}],"predecessor-version":[{"id":141,"href":"https:\/\/av-zeesen-seeblick.de\/index.php\/wp-json\/wp\/v2\/pages\/89\/revisions\/141"}],"wp:attachment":[{"href":"https:\/\/av-zeesen-seeblick.de\/index.php\/wp-json\/wp\/v2\/media?parent=89"}],"curies":[{"name":"wp","href":"https:\/\/api.w.org\/{rel}","templated":true}]}}